{"id":2624,"date":"2017-10-31T23:21:27","date_gmt":"2017-10-31T23:21:27","guid":{"rendered":"http:\/\/suhrske.dk.192-168-253-16.nmdesigns2.dk\/business\/"},"modified":"2024-08-20T12:36:35","modified_gmt":"2024-08-20T10:36:35","slug":"business","status":"publish","type":"page","link":"https:\/\/suhrske.dk\/en\/business\/","title":{"rendered":"Business"},"content":{"rendered":"\t\t<div data-elementor-type=\"wp-page\" data-elementor-id=\"2624\" class=\"elementor elementor-2624 elementor-2562\" data-elementor-post-type=\"page\">\n\t\t\t\t\t\t<section class=\"elementor-section elementor-inner-section elementor-element elementor-element-0a5e27c elementor-section-boxed elementor-section-height-default elementor-section-height-default\" data-id=\"0a5e27c\" data-element_type=\"section\" data-e-type=\"section\">\n\t\t\t\t\t\t<div class=\"elementor-container elementor-column-gap-no\">\n\t\t\t\t\t<div class=\"elementor-column elementor-col-100 elementor-inner-column elementor-element elementor-element-5dd4b27\" data-id=\"5dd4b27\" data-element_type=\"column\" data-e-type=\"column\">\n\t\t\t<div class=\"elementor-widget-wrap elementor-element-populated\">\n\t\t\t\t\t\t<div class=\"elementor-element elementor-element-b845f3e elementor-skin-carousel elementor-arrows-yes elementor-pagination-type-bullets elementor-pagination-position-outside elementor-widget elementor-widget-media-carousel\" data-id=\"b845f3e\" data-element_type=\"widget\" data-e-type=\"widget\" data-settings=\"{&quot;effect&quot;:&quot;fade&quot;,&quot;skin&quot;:&quot;carousel&quot;,&quot;show_arrows&quot;:&quot;yes&quot;,&quot;pagination&quot;:&quot;bullets&quot;,&quot;speed&quot;:500,&quot;autoplay&quot;:&quot;yes&quot;,&quot;autoplay_speed&quot;:5000,&quot;loop&quot;:&quot;yes&quot;,&quot;pause_on_hover&quot;:&quot;yes&quot;,&quot;pause_on_interaction&quot;:&quot;yes&quot;,&quot;space_between&quot;:{&quot;unit&quot;:&quot;px&quot;,&quot;size&quot;:10,&quot;sizes&quot;:[]},&quot;space_between_tablet&quot;:{&quot;unit&quot;:&quot;px&quot;,&quot;size&quot;:10,&quot;sizes&quot;:[]},&quot;space_between_mobile&quot;:{&quot;unit&quot;:&quot;px&quot;,&quot;size&quot;:10,&quot;sizes&quot;:[]}}\" data-widget_type=\"media-carousel.default\">\n\t\t\t\t<div class=\"elementor-widget-container\">\n\t\t\t\t\t\t\t\t\t<div class=\"elementor-swiper\">\n\t\t\t\t\t<div class=\"elementor-main-swiper swiper\" role=\"region\" aria-roledescription=\"carousel\" aria-label=\"Slides\">\n\t\t\t\t<div class=\"swiper-wrapper\">\n\t\t\t\t\t\t\t\t\t\t\t<div class=\"swiper-slide\" role=\"group\" aria-roledescription=\"slide\">\n\t\t\t\t\t\t\t\t\t<div class=\"elementor-carousel-image\" role=\"img\" aria-label=\"2019-08-16-17.24.06\" style=\"background-image: url(&#039;https:\/\/suhrske.dk\/wp-content\/uploads\/2019\/11\/2019-08-16-17.24.06.jpg&#039;)\">\n\n\t\t\t\n\t\t\t\t\t<\/div>\n\t\t\t\t\t\t\t\t<\/div>\n\t\t\t\t\t\t\t\t\t\t\t<div class=\"swiper-slide\" role=\"group\" aria-roledescription=\"slide\">\n\t\t\t\t\t\t\t\t\t<div class=\"elementor-carousel-image\" role=\"img\" aria-label=\"2018-08-06-20.44.07\" style=\"background-image: url(&#039;https:\/\/suhrske.dk\/wp-content\/uploads\/2019\/11\/2018-08-06-20.44.07.jpg&#039;)\">\n\n\t\t\t\n\t\t\t\t\t<\/div>\n\t\t\t\t\t\t\t\t<\/div>\n\t\t\t\t\t\t\t\t\t\t\t<div class=\"swiper-slide\" role=\"group\" aria-roledescription=\"slide\">\n\t\t\t\t\t\t\t\t\t<div class=\"elementor-carousel-image\" role=\"img\" aria-label=\"2018-08-05-17.16.33\" style=\"background-image: url(&#039;https:\/\/suhrske.dk\/wp-content\/uploads\/2019\/11\/2018-08-05-17.16.33.jpg&#039;)\">\n\n\t\t\t\n\t\t\t\t\t<\/div>\n\t\t\t\t\t\t\t\t<\/div>\n\t\t\t\t\t\t\t\t\t\t\t<div class=\"swiper-slide\" role=\"group\" aria-roledescription=\"slide\">\n\t\t\t\t\t\t\t\t\t<div class=\"elementor-carousel-image\" role=\"img\" aria-label=\"2018-06-28-22.35.01\" style=\"background-image: url(&#039;https:\/\/suhrske.dk\/wp-content\/uploads\/2019\/11\/2018-06-28-22.35.01.jpg&#039;)\">\n\n\t\t\t\n\t\t\t\t\t<\/div>\n\t\t\t\t\t\t\t\t<\/div>\n\t\t\t\t\t\t\t\t\t\t\t<div class=\"swiper-slide\" role=\"group\" aria-roledescription=\"slide\">\n\t\t\t\t\t\t\t\t\t<div class=\"elementor-carousel-image\" role=\"img\" aria-label=\"2018-04-13-17.06.45\" style=\"background-image: url(&#039;https:\/\/suhrske.dk\/wp-content\/uploads\/2019\/11\/2018-04-13-17.06.45.jpg&#039;)\">\n\n\t\t\t\n\t\t\t\t\t<\/div>\n\t\t\t\t\t\t\t\t<\/div>\n\t\t\t\t\t\t\t\t\t\t\t<div class=\"swiper-slide\" role=\"group\" aria-roledescription=\"slide\">\n\t\t\t\t\t\t\t\t\t<div class=\"elementor-carousel-image\" role=\"img\" aria-label=\"2018-04-13-17.32.30\" style=\"background-image: url(&#039;https:\/\/suhrske.dk\/wp-content\/uploads\/2019\/11\/2018-04-13-17.32.30.jpg&#039;)\">\n\n\t\t\t\n\t\t\t\t\t<\/div>\n\t\t\t\t\t\t\t\t<\/div>\n\t\t\t\t\t\t\t\t\t<\/div>\n\t\t\t\t\t\t\t\t\t\t\t\t\t\t\t<div class=\"elementor-swiper-button elementor-swiper-button-prev\" role=\"button\" tabindex=\"0\" aria-label=\"Previous\">\n\t\t\t\t\t\t\t<i aria-hidden=\"true\" class=\"eicon-chevron-left\"><\/i>\t\t\t\t\t\t<\/div>\n\t\t\t\t\t\t<div class=\"elementor-swiper-button elementor-swiper-button-next\" role=\"button\" tabindex=\"0\" aria-label=\"Next\">\n\t\t\t\t\t\t\t<i aria-hidden=\"true\" class=\"eicon-chevron-right\"><\/i>\t\t\t\t\t\t<\/div>\n\t\t\t\t\t\t\t\t\t\t\t\t\t\t\t\t<div class=\"swiper-pagination\"><\/div>\n\t\t\t\t\t\t\t\t\t\t\t\t<\/div>\n\t\t\t\t<\/div>\n\t\t\t\t\t\t\t\t<\/div>\n\t\t\t\t<\/div>\n\t\t\t\t\t<\/div>\n\t\t<\/div>\n\t\t\t\t\t<\/div>\n\t\t<\/section>\n\t\t\t\t<section class=\"elementor-section elementor-top-section elementor-element elementor-element-77fc7277 elementor-section-boxed elementor-section-height-default elementor-section-height-default\" data-id=\"77fc7277\" data-element_type=\"section\" data-e-type=\"section\">\n\t\t\t\t\t\t<div class=\"elementor-container elementor-column-gap-default\">\n\t\t\t\t\t<div class=\"elementor-column elementor-col-100 elementor-top-column elementor-element elementor-element-43477750\" data-id=\"43477750\" data-element_type=\"column\" data-e-type=\"column\">\n\t\t\t<div class=\"elementor-widget-wrap elementor-element-populated\">\n\t\t\t\t\t\t<div class=\"elementor-element elementor-element-7be99664 elementor-widget elementor-widget-text-editor\" data-id=\"7be99664\" data-element_type=\"widget\" data-e-type=\"widget\" data-widget_type=\"text-editor.default\">\n\t\t\t\t<div class=\"elementor-widget-container\">\n\t\t\t\t\t\t\t\t\t<p>The Foundations\u2019 business spans over a variety of activities, from acreage operations over nature cultivation and administration to consulting. The business activities are primarily run out of the forest and estate office of Bonderup.<br \/>The Foundation has a total of 1,585 hectare land at it&#8217;s disposal on the estates and forests at Bonderup. Operations of the acreage are coordinated with reference to optimal maintenance of the interests of the Foundation. Weighing of financial interests, nature care and cultural history depends on the size and nature of the tasks.<\/p><p><strong>Foresting<\/strong><br \/>The Foundation owns four forests of a total of 408 hectare split between Bonderup Forest (115 hectare), Merl\u00f8se Forest (141 hectare), Sandlyng Forest (138 hectare) and Skuerup Forest (14 hectare).<br \/>The foresting is run traditionally with wood production as primary operation.<br \/>New initiatives for letting out areas to publicly organized utilization of nature have increasingly been incorporated in the activities of forest operations.<br \/>The forest and estate office has several coorperation agreements which signifies\u00a0forests and estates managing for the respective owners of these estates. Such operations are carefully coordinated with the operations of the Foundation\u2019s own forests.<\/p><p><strong>PEFC-Certificate<\/strong><br \/>The forest and estate office of Bonderup are part of an umbrella organisation which upholds PEFC Denmarks regulations for sustainable foresting. PEFC is short for Programme for the Endorsement of Forest Certification schemes. The Foundation&#8217;s forests are group certified along with four other estates.<\/p><p><strong>Farming<\/strong><br \/>On Bonderup and Merl\u00f8segaard there are a total of 1,177 hectare farming land spreading out over the estate of Bonderup, Merl\u00f8segaarden and estates located south of T\u00f8ll\u00f8se. The farming land is run in a modern and rational fashion.<br \/>The ambition for this part of the business is to adjust the farming operations to the changing societal aspirations which, to a higher extend, takes environmental issues and nature care into consideration.<\/p><p><strong>Hunting<\/strong><br \/>Hunting, nature and cultivation of the wild has a high level of attention in the acreage management of the Foundation. Hunting rights are for the majority of the areas partly hired out, hence contributes to the economy of the Foundation. Professional hunting service is associated to supervision of the area, caretaking of breeding and setting of game.<\/p><p><strong>House letting<\/strong><br \/>The forest and estate office of Bonderup administers 26 homes used for staff accomodation and house letting.<\/p><p><strong>Gammeltorv<br \/><\/strong>The entire building at Gammeltorv is rented out for office purposes. The listed building is exceptionally well-kept &#8211; paying respect to the Foundation&#8217;s history and aesthetics of local building traditions.\u00a0<\/p>\t\t\t\t\t\t\t\t<\/div>\n\t\t\t\t<\/div>\n\t\t\t\t\t<\/div>\n\t\t<\/div>\n\t\t\t\t\t<\/div>\n\t\t<\/section>\n\t\t\t\t<\/div>\n\t\t","protected":false},"excerpt":{"rendered":"<p>Tidligere N\u00e6ste The Foundations\u2019 business spans over a variety of activities, from acreage operations over nature cultivation and administration to consulting. The business activities are primarily run out of the forest and estate office of Bonderup.The Foundation has a total of 1,585 hectare land at it&#8217;s disposal on the estates and forests at Bonderup. Operations [&hellip;]<\/p>\n","protected":false},"author":1,"featured_media":0,"parent":0,"menu_order":0,"comment_status":"closed","ping_status":"closed","template":"","meta":{"_acf_changed":false,"footnotes":""},"class_list":["post-class-post-2624","post-class-page","post-class-type-page","post-class-status-publish","post-class-hentry"],"acf":[],"_links":{"self":[{"href":"https:\/\/suhrske.dk\/en\/wp-json\/wp\/v2\/pages\/2624","targetHints":{"allow":["GET"]}}],"collection":[{"href":"https:\/\/suhrske.dk\/en\/wp-json\/wp\/v2\/pages"}],"about":[{"href":"https:\/\/suhrske.dk\/en\/wp-json\/wp\/v2\/types\/page"}],"author":[{"embeddable":true,"href":"https:\/\/suhrske.dk\/en\/wp-json\/wp\/v2\/users\/1"}],"replies":[{"embeddable":true,"href":"https:\/\/suhrske.dk\/en\/wp-json\/wp\/v2\/comments?post=2624"}],"version-history":[{"count":16,"href":"https:\/\/suhrske.dk\/en\/wp-json\/wp\/v2\/pages\/2624\/revisions"}],"predecessor-version":[{"id":21283,"href":"https:\/\/suhrske.dk\/en\/wp-json\/wp\/v2\/pages\/2624\/revisions\/21283"}],"wp:attachment":[{"href":"https:\/\/suhrske.dk\/en\/wp-json\/wp\/v2\/media?parent=2624"}],"curies":[{"name":"wp","href":"https:\/\/api.w.org\/{rel}","templated":true}]}}