{"id":20691,"date":"2024-04-24T14:17:17","date_gmt":"2024-04-24T12:17:17","guid":{"rendered":"https:\/\/suhrske.dk\/business\/kort-over-skovenes-placering\/"},"modified":"2024-05-08T13:32:04","modified_gmt":"2024-05-08T11:32:04","slug":"kort-over-skovenes-placering","status":"publish","type":"page","link":"https:\/\/suhrske.dk\/en\/business\/kort-over-skovenes-placering\/","title":{"rendered":"Forest maps"},"content":{"rendered":"\n<p><\/p>\n\n\n\n<p><strong>Link to map of the Foundation&#8217;s properties: <\/strong><\/p>\n\n\n\n<p><\/p>\n\n\n\n<p><\/p>\n\n\n\n<p><\/p>\n\n\n\n<p><\/p>\n\n\n\n<p><a href=\"https:\/\/suhrske.dk\/wp-content\/uploads\/2021\/11\/Suhrske-ejendom-2021.pdf\">Properties of the Suhrske Foundation 2021<\/a><\/p>\n\n\n\n<p><\/p>\n\n\n\n<p><a href=\"https:\/\/suhrske.dk\/wp-content\/uploads\/2021\/11\/Bonderup-og-Merloesegaard-2021.pdf\" target=\"_blank\" rel=\"noreferrer noopener\">Bonderup and Merl\u00f8segaard 2021<\/a><\/p>\n\n\n\n<p><\/p>\n\n\n\n<p><\/p>\n\n\n\n<p><a href=\"https:\/\/suhrske.dk\/wp-content\/uploads\/2021\/11\/Sandlyng-og-Skuerup-Skov-2021.pdf\" target=\"_blank\" rel=\"noreferrer noopener\">The Sandlyng and Skuerup forests 2021<\/a><\/p>\n\n\n\n<p><\/p>\n\n\n\n<p><\/p>\n\n\n\n<p><a href=\"https:\/\/suhrske.dk\/wp-content\/uploads\/2021\/11\/Toelloesegaard-og-Noerre-Eskilstrup-2021.pdf\" target=\"_blank\" rel=\"noreferrer noopener\">T\u00f8ll\u00f8seg\u00e5rden and Nr. Eskilstrup 2021<\/a><\/p>\n","protected":false},"excerpt":{"rendered":"<p>Link to map of the Foundation&#8217;s properties: Properties of the Suhrske Foundation 2021 Bonderup and Merl\u00f8segaard 2021 The Sandlyng and Skuerup forests 2021 T\u00f8ll\u00f8seg\u00e5rden and Nr. Eskilstrup 2021<\/p>\n","protected":false},"author":1,"featured_media":0,"parent":2624,"menu_order":0,"comment_status":"closed","ping_status":"closed","template":"","meta":{"_acf_changed":false,"footnotes":""},"class_list":["post-class-post-20691","post-class-page","post-class-type-page","post-class-status-publish","post-class-hentry"],"acf":[],"_links":{"self":[{"href":"https:\/\/suhrske.dk\/en\/wp-json\/wp\/v2\/pages\/20691","targetHints":{"allow":["GET"]}}],"collection":[{"href":"https:\/\/suhrske.dk\/en\/wp-json\/wp\/v2\/pages"}],"about":[{"href":"https:\/\/suhrske.dk\/en\/wp-json\/wp\/v2\/types\/page"}],"author":[{"embeddable":true,"href":"https:\/\/suhrske.dk\/en\/wp-json\/wp\/v2\/users\/1"}],"replies":[{"embeddable":true,"href":"https:\/\/suhrske.dk\/en\/wp-json\/wp\/v2\/comments?post=20691"}],"version-history":[{"count":7,"href":"https:\/\/suhrske.dk\/en\/wp-json\/wp\/v2\/pages\/20691\/revisions"}],"predecessor-version":[{"id":21099,"href":"https:\/\/suhrske.dk\/en\/wp-json\/wp\/v2\/pages\/20691\/revisions\/21099"}],"up":[{"embeddable":true,"href":"https:\/\/suhrske.dk\/en\/wp-json\/wp\/v2\/pages\/2624"}],"wp:attachment":[{"href":"https:\/\/suhrske.dk\/en\/wp-json\/wp\/v2\/media?parent=20691"}],"curies":[{"name":"wp","href":"https:\/\/api.w.org\/{rel}","templated":true}]}}